{"id":1083,"date":"2023-06-24T08:09:26","date_gmt":"2023-06-24T08:09:26","guid":{"rendered":"https:\/\/lindas.at\/?page_id=1083"},"modified":"2023-08-29T08:55:08","modified_gmt":"2023-08-29T08:55:08","slug":"industrieanlagen","status":"publish","type":"page","link":"https:\/\/lindas.at\/index.php\/industrieanlagen\/","title":{"rendered":"Industrieanlagen"},"content":{"rendered":"\t\t<div data-elementor-type=\"wp-page\" data-elementor-id=\"1083\" class=\"elementor elementor-1083\">\n\t\t\t\t\t\t\t\t\t<section class=\"elementor-section elementor-top-section elementor-element elementor-element-7f01c34 elementor-section-boxed elementor-section-height-default elementor-section-height-default\" data-id=\"7f01c34\" data-element_type=\"section\">\n\t\t\t\t\t\t<div class=\"elementor-container elementor-column-gap-default\">\n\t\t\t\t\t<div class=\"elementor-column elementor-col-50 elementor-top-column elementor-element elementor-element-9289ec6\" data-id=\"9289ec6\" data-element_type=\"column\">\n\t\t\t<div class=\"elementor-widget-wrap elementor-element-populated\">\n\t\t\t\t\t\t\t\t<div class=\"elementor-element elementor-element-6788144 elementor-widget elementor-widget-text-editor\" data-id=\"6788144\" data-element_type=\"widget\" data-widget_type=\"text-editor.default\">\n\t\t\t\t<div class=\"elementor-widget-container\">\n\t\t\t<style>\/*! elementor - v3.15.0 - 20-08-2023 *\/\n.elementor-widget-text-editor.elementor-drop-cap-view-stacked .elementor-drop-cap{background-color:#69727d;color:#fff}.elementor-widget-text-editor.elementor-drop-cap-view-framed .elementor-drop-cap{color:#69727d;border:3px solid;background-color:transparent}.elementor-widget-text-editor:not(.elementor-drop-cap-view-default) .elementor-drop-cap{margin-top:8px}.elementor-widget-text-editor:not(.elementor-drop-cap-view-default) .elementor-drop-cap-letter{width:1em;height:1em}.elementor-widget-text-editor .elementor-drop-cap{float:left;text-align:center;line-height:1;font-size:50px}.elementor-widget-text-editor .elementor-drop-cap-letter{display:inline-block}<\/style>\t\t\t\t<p align=\"justify\">Durch die funktionale Zusammenf\u00fchrung von Konzeption und Realisierung entwickelt wir kundenorientierte L\u00f6sungen f\u00fcr verschiedenste Aufgabenstellungen.<\/p>\n\n<p align=\"justify\">Dabei vereinen wir die wichtigsten Eigenschaften, die f\u00fcr zufriedene Kunden und in weiterer Folge f\u00fcr ein erfolgreiches Unternehmen stehen: Beste Qualit\u00e4t durch h\u00f6chst erfahrene Mitarbeiter, Flexibilit\u00e4t und Zuverl\u00e4ssigkeit kombiniert mit schnellen Reaktionen sind unser Erfolgsgeheimnis.<\/p>\n\n<p align=\"justify\">Die LINDAS GmbH setzt auf einen kontinuierlichen Fortschritt des Know-Hows im technologischen Bereich. Durch den erfahrenen Blick auf die Gesamtfunktionalit\u00e4t und dem hohen Qualit\u00e4tsdenken in allen Prozessbereichen k\u00f6nnen wir dieses letztendlich mit zahlreichen, erfolgreichen Referenzprojekten belegen.<\/p>\t\t\t\t\t\t<\/div>\n\t\t\t\t<\/div>\n\t\t\t\t\t<\/div>\n\t\t<\/div>\n\t\t\t\t<div class=\"elementor-column elementor-col-50 elementor-top-column elementor-element elementor-element-78256cc\" data-id=\"78256cc\" data-element_type=\"column\">\n\t\t\t<div class=\"elementor-widget-wrap elementor-element-populated\">\n\t\t\t\t\t\t\t\t<div class=\"elementor-element elementor-element-aa813c8 elementor-widget elementor-widget-image\" data-id=\"aa813c8\" data-element_type=\"widget\" data-widget_type=\"image.default\">\n\t\t\t\t<div class=\"elementor-widget-container\">\n\t\t\t<style>\/*! elementor - v3.15.0 - 20-08-2023 *\/\n.elementor-widget-image{text-align:center}.elementor-widget-image a{display:inline-block}.elementor-widget-image a img[src$=\".svg\"]{width:48px}.elementor-widget-image img{vertical-align:middle;display:inline-block}<\/style>\t\t\t\t\t\t\t\t\t\t\t\t<img loading=\"lazy\" decoding=\"async\" width=\"600\" height=\"300\" src=\"https:\/\/lindas.at\/wp-content\/uploads\/2023\/06\/Industrilangen.jpg\" class=\"attachment-large size-large wp-image-1091\" alt=\"\" srcset=\"https:\/\/lindas.at\/wp-content\/uploads\/2023\/06\/Industrilangen.jpg 600w, https:\/\/lindas.at\/wp-content\/uploads\/2023\/06\/Industrilangen-300x150.jpg 300w\" sizes=\"auto, (max-width: 600px) 100vw, 600px\" \/>\t\t\t\t\t\t\t\t\t\t\t\t\t\t\t<\/div>\n\t\t\t\t<\/div>\n\t\t\t\t\t<\/div>\n\t\t<\/div>\n\t\t\t\t\t\t\t<\/div>\n\t\t<\/section>\n\t\t\t\t<section class=\"elementor-section elementor-top-section elementor-element elementor-element-17e1447 elementor-section-boxed elementor-section-height-default elementor-section-height-default\" data-id=\"17e1447\" data-element_type=\"section\">\n\t\t\t\t\t\t<div class=\"elementor-container elementor-column-gap-default\">\n\t\t\t\t\t<div class=\"elementor-column elementor-col-25 elementor-top-column elementor-element elementor-element-939d3f0\" data-id=\"939d3f0\" data-element_type=\"column\">\n\t\t\t<div class=\"elementor-widget-wrap elementor-element-populated\">\n\t\t\t\t\t\t\t\t<div class=\"elementor-element elementor-element-2d5c979 elementor-widget elementor-widget-image\" data-id=\"2d5c979\" data-element_type=\"widget\" data-widget_type=\"image.default\">\n\t\t\t\t<div class=\"elementor-widget-container\">\n\t\t\t\t\t\t\t\t\t\t\t\t\t\t\t<img loading=\"lazy\" decoding=\"async\" width=\"421\" height=\"281\" src=\"https:\/\/lindas.at\/wp-content\/uploads\/2023\/07\/ind-3-421x281.jpg\" class=\"attachment-industing-folio-3 size-industing-folio-3 wp-image-1253\" alt=\"\" \/>\t\t\t\t\t\t\t\t\t\t\t\t\t\t\t<\/div>\n\t\t\t\t<\/div>\n\t\t\t\t\t<\/div>\n\t\t<\/div>\n\t\t\t\t<div class=\"elementor-column elementor-col-25 elementor-top-column elementor-element elementor-element-ec271a9\" data-id=\"ec271a9\" data-element_type=\"column\">\n\t\t\t<div class=\"elementor-widget-wrap elementor-element-populated\">\n\t\t\t\t\t\t\t\t<div class=\"elementor-element elementor-element-f8373d5 elementor-widget elementor-widget-image\" data-id=\"f8373d5\" data-element_type=\"widget\" data-widget_type=\"image.default\">\n\t\t\t\t<div class=\"elementor-widget-container\">\n\t\t\t\t\t\t\t\t\t\t\t\t\t\t\t<img loading=\"lazy\" decoding=\"async\" width=\"421\" height=\"281\" src=\"https:\/\/lindas.at\/wp-content\/uploads\/2023\/07\/ind-2-421x281.jpg\" class=\"attachment-industing-folio-3 size-industing-folio-3 wp-image-1252\" alt=\"\" srcset=\"https:\/\/lindas.at\/wp-content\/uploads\/2023\/07\/ind-2-421x281.jpg 421w, https:\/\/lindas.at\/wp-content\/uploads\/2023\/07\/ind-2-600x400.jpg 600w\" sizes=\"auto, (max-width: 421px) 100vw, 421px\" \/>\t\t\t\t\t\t\t\t\t\t\t\t\t\t\t<\/div>\n\t\t\t\t<\/div>\n\t\t\t\t\t<\/div>\n\t\t<\/div>\n\t\t\t\t<div class=\"elementor-column elementor-col-25 elementor-top-column elementor-element elementor-element-52dfa3b\" data-id=\"52dfa3b\" data-element_type=\"column\">\n\t\t\t<div class=\"elementor-widget-wrap elementor-element-populated\">\n\t\t\t\t\t\t\t\t<div class=\"elementor-element elementor-element-3db49df elementor-widget elementor-widget-image\" data-id=\"3db49df\" data-element_type=\"widget\" data-widget_type=\"image.default\">\n\t\t\t\t<div class=\"elementor-widget-container\">\n\t\t\t\t\t\t\t\t\t\t\t\t\t\t\t<img loading=\"lazy\" decoding=\"async\" width=\"421\" height=\"281\" src=\"https:\/\/lindas.at\/wp-content\/uploads\/2023\/07\/ind-1-421x281.jpg\" class=\"attachment-industing-folio-3 size-industing-folio-3 wp-image-1251\" alt=\"\" srcset=\"https:\/\/lindas.at\/wp-content\/uploads\/2023\/07\/ind-1-421x281.jpg 421w, https:\/\/lindas.at\/wp-content\/uploads\/2023\/07\/ind-1-600x400.jpg 600w\" sizes=\"auto, (max-width: 421px) 100vw, 421px\" \/>\t\t\t\t\t\t\t\t\t\t\t\t\t\t\t<\/div>\n\t\t\t\t<\/div>\n\t\t\t\t\t<\/div>\n\t\t<\/div>\n\t\t\t\t<div class=\"elementor-column elementor-col-25 elementor-top-column elementor-element elementor-element-56a55c1\" data-id=\"56a55c1\" data-element_type=\"column\">\n\t\t\t<div class=\"elementor-widget-wrap elementor-element-populated\">\n\t\t\t\t\t\t\t\t<div class=\"elementor-element elementor-element-cae197b elementor-widget elementor-widget-image\" data-id=\"cae197b\" data-element_type=\"widget\" data-widget_type=\"image.default\">\n\t\t\t\t<div class=\"elementor-widget-container\">\n\t\t\t\t\t\t\t\t\t\t\t\t\t\t\t<img loading=\"lazy\" decoding=\"async\" width=\"421\" height=\"281\" src=\"https:\/\/lindas.at\/wp-content\/uploads\/2023\/07\/ind-4-421x281.jpg\" class=\"attachment-industing-folio-3 size-industing-folio-3 wp-image-1254\" alt=\"\" \/>\t\t\t\t\t\t\t\t\t\t\t\t\t\t\t<\/div>\n\t\t\t\t<\/div>\n\t\t\t\t\t<\/div>\n\t\t<\/div>\n\t\t\t\t\t\t\t<\/div>\n\t\t<\/section>\n\t\t\t\t\t\t\t<\/div>\n\t\t","protected":false},"excerpt":{"rendered":"<p>Durch die funktionale Zusammenf\u00fchrung von Konzeption und Realisierung entwickelt wir kundenorientierte L\u00f6sungen f\u00fcr verschiedenste Aufgabenstellungen. Dabei vereinen wir die wichtigsten Eigenschaften, die f\u00fcr zufriedene Kunden und in weiterer Folge f\u00fcr ein erfolgreiches Unternehmen stehen: Beste Qualit\u00e4t durch h\u00f6chst erfahrene Mitarbeiter, Flexibilit\u00e4t und Zuverl\u00e4ssigkeit kombiniert mit schnellen Reaktionen sind unser Erfolgsgeheimnis. Die LINDAS GmbH setzt auf [&hellip;]<\/p>\n","protected":false},"author":2,"featured_media":0,"parent":0,"menu_order":0,"comment_status":"closed","ping_status":"closed","template":"page-templates\/full-width.php","meta":{"footnotes":""},"class_list":["post-1083","page","type-page","status-publish","hentry"],"_links":{"self":[{"href":"https:\/\/lindas.at\/index.php\/wp-json\/wp\/v2\/pages\/1083","targetHints":{"allow":["GET"]}}],"collection":[{"href":"https:\/\/lindas.at\/index.php\/wp-json\/wp\/v2\/pages"}],"about":[{"href":"https:\/\/lindas.at\/index.php\/wp-json\/wp\/v2\/types\/page"}],"author":[{"embeddable":true,"href":"https:\/\/lindas.at\/index.php\/wp-json\/wp\/v2\/users\/2"}],"replies":[{"embeddable":true,"href":"https:\/\/lindas.at\/index.php\/wp-json\/wp\/v2\/comments?post=1083"}],"version-history":[{"count":26,"href":"https:\/\/lindas.at\/index.php\/wp-json\/wp\/v2\/pages\/1083\/revisions"}],"predecessor-version":[{"id":1307,"href":"https:\/\/lindas.at\/index.php\/wp-json\/wp\/v2\/pages\/1083\/revisions\/1307"}],"wp:attachment":[{"href":"https:\/\/lindas.at\/index.php\/wp-json\/wp\/v2\/media?parent=1083"}],"curies":[{"name":"wp","href":"https:\/\/api.w.org\/{rel}","templated":true}]}}