{"id":1099,"date":"2023-06-24T08:16:00","date_gmt":"2023-06-24T08:16:00","guid":{"rendered":"https:\/\/lindas.at\/?page_id=1099"},"modified":"2023-08-29T09:05:39","modified_gmt":"2023-08-29T09:05:39","slug":"rohrleitungstechnik","status":"publish","type":"page","link":"https:\/\/lindas.at\/index.php\/rohrleitungstechnik\/","title":{"rendered":"Rohrleitungstechnik"},"content":{"rendered":"\t\t<div data-elementor-type=\"wp-page\" data-elementor-id=\"1099\" class=\"elementor elementor-1099\">\n\t\t\t\t\t\t\t\t\t<section class=\"elementor-section elementor-top-section elementor-element elementor-element-7f01c34 elementor-section-boxed elementor-section-height-default elementor-section-height-default\" data-id=\"7f01c34\" data-element_type=\"section\">\n\t\t\t\t\t\t<div class=\"elementor-container elementor-column-gap-default\">\n\t\t\t\t\t<div class=\"elementor-column elementor-col-50 elementor-top-column elementor-element elementor-element-9289ec6\" data-id=\"9289ec6\" data-element_type=\"column\">\n\t\t\t<div class=\"elementor-widget-wrap elementor-element-populated\">\n\t\t\t\t\t\t\t\t<div class=\"elementor-element elementor-element-7bf8218 elementor-widget elementor-widget-text-editor\" data-id=\"7bf8218\" data-element_type=\"widget\" data-widget_type=\"text-editor.default\">\n\t\t\t\t<div class=\"elementor-widget-container\">\n\t\t\t<style>\/*! elementor - v3.15.0 - 20-08-2023 *\/\n.elementor-widget-text-editor.elementor-drop-cap-view-stacked .elementor-drop-cap{background-color:#69727d;color:#fff}.elementor-widget-text-editor.elementor-drop-cap-view-framed .elementor-drop-cap{color:#69727d;border:3px solid;background-color:transparent}.elementor-widget-text-editor:not(.elementor-drop-cap-view-default) .elementor-drop-cap{margin-top:8px}.elementor-widget-text-editor:not(.elementor-drop-cap-view-default) .elementor-drop-cap-letter{width:1em;height:1em}.elementor-widget-text-editor .elementor-drop-cap{float:left;text-align:center;line-height:1;font-size:50px}.elementor-widget-text-editor .elementor-drop-cap-letter{display:inline-block}<\/style>\t\t\t\t<p align=\"justify\">Durch unsere Facharbeiter k\u00f6nnen wir durch die richtige Planung kostenoptimierte L\u00f6sungen im Bereich der Rohrleitungstechnik f\u00fcr unsere Kunden realisieren.<\/p>\n\n<p align=\"justify\">Hierbei k\u00f6nnen wir auf einen Erfahrungsschatz von Niederdruck- bis Hochdruckleitungen zur\u00fcckgreifen. Auch eine gro\u00dfe Palette von Materialien und der dazugeh\u00f6rigen Verbindungstechniken geh\u00f6ren zu unserem Portfolio. Die Rohrleitungen und \u2013systeme k\u00f6nnen von uns je nach den individuellen Anforderungen in s\u00e4mtlichen Werkstoffen und Qualit\u00e4ten wie legierte St\u00e4hle, C-St\u00e4hle, Kunststoffe sowie Sonderwerkstoffen ausgef\u00fchrt werden. Um allen W\u00fcnschen unserer Kunden gerecht zu werden, f\u00fchren wir Arbeiten im Rohrleitungsbau in Pauschal- und Regiearbeit aus.<\/p>\n\n<p align=\"justify\">Qualifiziertes Fachpersonal sowie Rohrschwei\u00dfer f\u00fcr diverse Verfahren (WIG, Elektroschwei\u00dfung, MAG, Autogen), Rohrschlosser und Hilfspersonal stehen dabei professionell zur Seite.<\/p>\t\t\t\t\t\t<\/div>\n\t\t\t\t<\/div>\n\t\t\t\t\t<\/div>\n\t\t<\/div>\n\t\t\t\t<div class=\"elementor-column elementor-col-50 elementor-top-column elementor-element elementor-element-78256cc\" data-id=\"78256cc\" data-element_type=\"column\">\n\t\t\t<div class=\"elementor-widget-wrap elementor-element-populated\">\n\t\t\t\t\t\t\t\t<div class=\"elementor-element elementor-element-aa813c8 elementor-widget elementor-widget-image\" data-id=\"aa813c8\" data-element_type=\"widget\" data-widget_type=\"image.default\">\n\t\t\t\t<div class=\"elementor-widget-container\">\n\t\t\t<style>\/*! elementor - v3.15.0 - 20-08-2023 *\/\n.elementor-widget-image{text-align:center}.elementor-widget-image a{display:inline-block}.elementor-widget-image a img[src$=\".svg\"]{width:48px}.elementor-widget-image img{vertical-align:middle;display:inline-block}<\/style>\t\t\t\t\t\t\t\t\t\t\t\t<img loading=\"lazy\" decoding=\"async\" width=\"1024\" height=\"679\" src=\"https:\/\/lindas.at\/wp-content\/uploads\/2023\/06\/PIPING.jpg\" class=\"attachment-large size-large wp-image-1195\" alt=\"\" srcset=\"https:\/\/lindas.at\/wp-content\/uploads\/2023\/06\/PIPING.jpg 1024w, https:\/\/lindas.at\/wp-content\/uploads\/2023\/06\/PIPING-300x199.jpg 300w, https:\/\/lindas.at\/wp-content\/uploads\/2023\/06\/PIPING-768x509.jpg 768w, https:\/\/lindas.at\/wp-content\/uploads\/2023\/06\/PIPING-333x220.jpg 333w, https:\/\/lindas.at\/wp-content\/uploads\/2023\/06\/PIPING-600x398.jpg 600w\" sizes=\"auto, (max-width: 1024px) 100vw, 1024px\" \/>\t\t\t\t\t\t\t\t\t\t\t\t\t\t\t<\/div>\n\t\t\t\t<\/div>\n\t\t\t\t\t<\/div>\n\t\t<\/div>\n\t\t\t\t\t\t\t<\/div>\n\t\t<\/section>\n\t\t\t\t<section class=\"elementor-section elementor-top-section elementor-element elementor-element-6dd7951 elementor-section-boxed elementor-section-height-default elementor-section-height-default\" data-id=\"6dd7951\" data-element_type=\"section\">\n\t\t\t\t\t\t<div class=\"elementor-container elementor-column-gap-default\">\n\t\t\t\t\t<div class=\"elementor-column elementor-col-25 elementor-top-column elementor-element elementor-element-5681972\" data-id=\"5681972\" data-element_type=\"column\">\n\t\t\t<div class=\"elementor-widget-wrap elementor-element-populated\">\n\t\t\t\t\t\t\t\t<div class=\"elementor-element elementor-element-8331277 elementor-widget elementor-widget-image\" data-id=\"8331277\" data-element_type=\"widget\" data-widget_type=\"image.default\">\n\t\t\t\t<div class=\"elementor-widget-container\">\n\t\t\t\t\t\t\t\t\t\t\t\t\t\t\t<img loading=\"lazy\" decoding=\"async\" width=\"421\" height=\"281\" src=\"https:\/\/lindas.at\/wp-content\/uploads\/2023\/07\/c4-421x281.jpg\" class=\"attachment-industing-folio-3 size-industing-folio-3 wp-image-1291\" alt=\"\" srcset=\"https:\/\/lindas.at\/wp-content\/uploads\/2023\/07\/c4-421x281.jpg 421w, https:\/\/lindas.at\/wp-content\/uploads\/2023\/07\/c4-600x400.jpg 600w\" sizes=\"auto, (max-width: 421px) 100vw, 421px\" \/>\t\t\t\t\t\t\t\t\t\t\t\t\t\t\t<\/div>\n\t\t\t\t<\/div>\n\t\t\t\t\t<\/div>\n\t\t<\/div>\n\t\t\t\t<div class=\"elementor-column elementor-col-25 elementor-top-column elementor-element elementor-element-bf41e0d\" data-id=\"bf41e0d\" data-element_type=\"column\">\n\t\t\t<div class=\"elementor-widget-wrap elementor-element-populated\">\n\t\t\t\t\t\t\t\t<div class=\"elementor-element elementor-element-fb6f0b8 elementor-widget elementor-widget-image\" data-id=\"fb6f0b8\" data-element_type=\"widget\" data-widget_type=\"image.default\">\n\t\t\t\t<div class=\"elementor-widget-container\">\n\t\t\t\t\t\t\t\t\t\t\t\t\t\t\t<img loading=\"lazy\" decoding=\"async\" width=\"421\" height=\"281\" src=\"https:\/\/lindas.at\/wp-content\/uploads\/2023\/07\/c3-421x281.jpg\" class=\"attachment-industing-folio-3 size-industing-folio-3 wp-image-1290\" alt=\"\" \/>\t\t\t\t\t\t\t\t\t\t\t\t\t\t\t<\/div>\n\t\t\t\t<\/div>\n\t\t\t\t\t<\/div>\n\t\t<\/div>\n\t\t\t\t<div class=\"elementor-column elementor-col-25 elementor-top-column elementor-element elementor-element-28bb5cd\" data-id=\"28bb5cd\" data-element_type=\"column\">\n\t\t\t<div class=\"elementor-widget-wrap elementor-element-populated\">\n\t\t\t\t\t\t\t\t<div class=\"elementor-element elementor-element-6a873f7 elementor-widget elementor-widget-image\" data-id=\"6a873f7\" data-element_type=\"widget\" data-widget_type=\"image.default\">\n\t\t\t\t<div class=\"elementor-widget-container\">\n\t\t\t\t\t\t\t\t\t\t\t\t\t\t\t<img loading=\"lazy\" decoding=\"async\" width=\"421\" height=\"281\" src=\"https:\/\/lindas.at\/wp-content\/uploads\/2023\/07\/c2-421x281.jpg\" class=\"attachment-industing-folio-3 size-industing-folio-3 wp-image-1289\" alt=\"\" srcset=\"https:\/\/lindas.at\/wp-content\/uploads\/2023\/07\/c2-421x281.jpg 421w, https:\/\/lindas.at\/wp-content\/uploads\/2023\/07\/c2-600x400.jpg 600w\" sizes=\"auto, (max-width: 421px) 100vw, 421px\" \/>\t\t\t\t\t\t\t\t\t\t\t\t\t\t\t<\/div>\n\t\t\t\t<\/div>\n\t\t\t\t\t<\/div>\n\t\t<\/div>\n\t\t\t\t<div class=\"elementor-column elementor-col-25 elementor-top-column elementor-element elementor-element-34439ae\" data-id=\"34439ae\" data-element_type=\"column\">\n\t\t\t<div class=\"elementor-widget-wrap elementor-element-populated\">\n\t\t\t\t\t\t\t\t<div class=\"elementor-element elementor-element-6a305c6 elementor-widget elementor-widget-image\" data-id=\"6a305c6\" data-element_type=\"widget\" data-widget_type=\"image.default\">\n\t\t\t\t<div class=\"elementor-widget-container\">\n\t\t\t\t\t\t\t\t\t\t\t\t\t\t\t<img loading=\"lazy\" decoding=\"async\" width=\"421\" height=\"281\" src=\"https:\/\/lindas.at\/wp-content\/uploads\/2023\/07\/c1-421x281.jpg\" class=\"attachment-industing-folio-3 size-industing-folio-3 wp-image-1288\" alt=\"\" srcset=\"https:\/\/lindas.at\/wp-content\/uploads\/2023\/07\/c1-421x281.jpg 421w, https:\/\/lindas.at\/wp-content\/uploads\/2023\/07\/c1-600x400.jpg 600w\" sizes=\"auto, (max-width: 421px) 100vw, 421px\" \/>\t\t\t\t\t\t\t\t\t\t\t\t\t\t\t<\/div>\n\t\t\t\t<\/div>\n\t\t\t\t\t<\/div>\n\t\t<\/div>\n\t\t\t\t\t\t\t<\/div>\n\t\t<\/section>\n\t\t\t\t\t\t\t<\/div>\n\t\t","protected":false},"excerpt":{"rendered":"<p>Durch unsere Facharbeiter k\u00f6nnen wir durch die richtige Planung kostenoptimierte L\u00f6sungen im Bereich der Rohrleitungstechnik f\u00fcr unsere Kunden realisieren. Hierbei k\u00f6nnen wir auf einen Erfahrungsschatz von Niederdruck- bis Hochdruckleitungen zur\u00fcckgreifen. Auch eine gro\u00dfe Palette von Materialien und der dazugeh\u00f6rigen Verbindungstechniken geh\u00f6ren zu unserem Portfolio. Die Rohrleitungen und \u2013systeme k\u00f6nnen von uns je nach den individuellen [&hellip;]<\/p>\n","protected":false},"author":2,"featured_media":0,"parent":0,"menu_order":0,"comment_status":"closed","ping_status":"closed","template":"page-templates\/full-width.php","meta":{"footnotes":""},"class_list":["post-1099","page","type-page","status-publish","hentry"],"_links":{"self":[{"href":"https:\/\/lindas.at\/index.php\/wp-json\/wp\/v2\/pages\/1099","targetHints":{"allow":["GET"]}}],"collection":[{"href":"https:\/\/lindas.at\/index.php\/wp-json\/wp\/v2\/pages"}],"about":[{"href":"https:\/\/lindas.at\/index.php\/wp-json\/wp\/v2\/types\/page"}],"author":[{"embeddable":true,"href":"https:\/\/lindas.at\/index.php\/wp-json\/wp\/v2\/users\/2"}],"replies":[{"embeddable":true,"href":"https:\/\/lindas.at\/index.php\/wp-json\/wp\/v2\/comments?post=1099"}],"version-history":[{"count":17,"href":"https:\/\/lindas.at\/index.php\/wp-json\/wp\/v2\/pages\/1099\/revisions"}],"predecessor-version":[{"id":1335,"href":"https:\/\/lindas.at\/index.php\/wp-json\/wp\/v2\/pages\/1099\/revisions\/1335"}],"wp:attachment":[{"href":"https:\/\/lindas.at\/index.php\/wp-json\/wp\/v2\/media?parent=1099"}],"curies":[{"name":"wp","href":"https:\/\/api.w.org\/{rel}","templated":true}]}}