{"id":1104,"date":"2023-06-24T08:17:51","date_gmt":"2023-06-24T08:17:51","guid":{"rendered":"https:\/\/lindas.at\/?page_id=1104"},"modified":"2023-08-29T09:04:45","modified_gmt":"2023-08-29T09:04:45","slug":"stahlbaukonstruktionen","status":"publish","type":"page","link":"https:\/\/lindas.at\/index.php\/stahlbaukonstruktionen\/","title":{"rendered":"Stahlbaukonstruktionen"},"content":{"rendered":"\t\t<div data-elementor-type=\"wp-page\" data-elementor-id=\"1104\" class=\"elementor elementor-1104\">\n\t\t\t\t\t\t\t\t\t<section class=\"elementor-section elementor-top-section elementor-element elementor-element-7f01c34 elementor-section-boxed elementor-section-height-default elementor-section-height-default\" data-id=\"7f01c34\" data-element_type=\"section\">\n\t\t\t\t\t\t<div class=\"elementor-container elementor-column-gap-default\">\n\t\t\t\t\t<div class=\"elementor-column elementor-col-50 elementor-top-column elementor-element elementor-element-9289ec6\" data-id=\"9289ec6\" data-element_type=\"column\">\n\t\t\t<div class=\"elementor-widget-wrap elementor-element-populated\">\n\t\t\t\t\t\t\t\t<div class=\"elementor-element elementor-element-7bf8218 elementor-widget elementor-widget-text-editor\" data-id=\"7bf8218\" data-element_type=\"widget\" data-widget_type=\"text-editor.default\">\n\t\t\t\t<div class=\"elementor-widget-container\">\n\t\t\t<style>\/*! elementor - v3.15.0 - 20-08-2023 *\/\n.elementor-widget-text-editor.elementor-drop-cap-view-stacked .elementor-drop-cap{background-color:#69727d;color:#fff}.elementor-widget-text-editor.elementor-drop-cap-view-framed .elementor-drop-cap{color:#69727d;border:3px solid;background-color:transparent}.elementor-widget-text-editor:not(.elementor-drop-cap-view-default) .elementor-drop-cap{margin-top:8px}.elementor-widget-text-editor:not(.elementor-drop-cap-view-default) .elementor-drop-cap-letter{width:1em;height:1em}.elementor-widget-text-editor .elementor-drop-cap{float:left;text-align:center;line-height:1;font-size:50px}.elementor-widget-text-editor .elementor-drop-cap-letter{display:inline-block}<\/style>\t\t\t\t<p align=\"justify\">Stahlbau ist \u00fcberall dort sinnvoll, wo sehr hohe Festigkeitsanforderungen an die Konstruktion gestellt werden.<\/p>\n\n<p align=\"justify\">Durch seine Leichtigkeit, Transparenz und Formenvielfalt ist Stahl eines der vielseitigsten Materialien in der Konstruktion. Die Verwendung von Stahl bei Industriegeb\u00e4uden erm\u00f6glicht innovative Ideen und die ansprechende Fassaden zu gestalten.<\/p>\n\n<p align=\"justify\">L\u00f6sungen in Form von Podesten, Gel\u00e4ndern und Tr\u00e4gerkonstruktionen sind einige unserer St\u00e4rken.<\/p>\n\n<p align=\"justify\">Auf dem Gebiet der Umsiedelung von Produktionslinien mitsamt s\u00e4mtlichen daf\u00fcr notwendigen Stahlbauarbeiten k\u00f6nnen wir auf zufriedene Kunden r\u00fcckblicken.<\/p>\t\t\t\t\t\t<\/div>\n\t\t\t\t<\/div>\n\t\t\t\t\t<\/div>\n\t\t<\/div>\n\t\t\t\t<div class=\"elementor-column elementor-col-50 elementor-top-column elementor-element elementor-element-78256cc\" data-id=\"78256cc\" data-element_type=\"column\">\n\t\t\t<div class=\"elementor-widget-wrap elementor-element-populated\">\n\t\t\t\t\t\t\t\t<div class=\"elementor-element elementor-element-aa813c8 elementor-widget elementor-widget-image\" data-id=\"aa813c8\" data-element_type=\"widget\" data-widget_type=\"image.default\">\n\t\t\t\t<div class=\"elementor-widget-container\">\n\t\t\t<style>\/*! elementor - v3.15.0 - 20-08-2023 *\/\n.elementor-widget-image{text-align:center}.elementor-widget-image a{display:inline-block}.elementor-widget-image a img[src$=\".svg\"]{width:48px}.elementor-widget-image img{vertical-align:middle;display:inline-block}<\/style>\t\t\t\t\t\t\t\t\t\t\t\t<img loading=\"lazy\" decoding=\"async\" width=\"1024\" height=\"679\" src=\"https:\/\/lindas.at\/wp-content\/uploads\/2023\/06\/METAL-CONSTRUCTIONS.jpg\" class=\"attachment-large size-large wp-image-1191\" alt=\"\" srcset=\"https:\/\/lindas.at\/wp-content\/uploads\/2023\/06\/METAL-CONSTRUCTIONS.jpg 1024w, https:\/\/lindas.at\/wp-content\/uploads\/2023\/06\/METAL-CONSTRUCTIONS-300x199.jpg 300w, https:\/\/lindas.at\/wp-content\/uploads\/2023\/06\/METAL-CONSTRUCTIONS-768x509.jpg 768w, https:\/\/lindas.at\/wp-content\/uploads\/2023\/06\/METAL-CONSTRUCTIONS-333x220.jpg 333w, https:\/\/lindas.at\/wp-content\/uploads\/2023\/06\/METAL-CONSTRUCTIONS-600x398.jpg 600w\" sizes=\"auto, (max-width: 1024px) 100vw, 1024px\" \/>\t\t\t\t\t\t\t\t\t\t\t\t\t\t\t<\/div>\n\t\t\t\t<\/div>\n\t\t\t\t\t<\/div>\n\t\t<\/div>\n\t\t\t\t\t\t\t<\/div>\n\t\t<\/section>\n\t\t\t\t<section class=\"elementor-section elementor-top-section elementor-element elementor-element-b622ac6 elementor-section-boxed elementor-section-height-default elementor-section-height-default\" data-id=\"b622ac6\" data-element_type=\"section\">\n\t\t\t\t\t\t<div class=\"elementor-container elementor-column-gap-default\">\n\t\t\t\t\t<div class=\"elementor-column elementor-col-25 elementor-top-column elementor-element elementor-element-53f03ae\" data-id=\"53f03ae\" data-element_type=\"column\">\n\t\t\t<div class=\"elementor-widget-wrap elementor-element-populated\">\n\t\t\t\t\t\t\t\t<div class=\"elementor-element elementor-element-7ecc933 elementor-widget elementor-widget-image\" data-id=\"7ecc933\" data-element_type=\"widget\" data-widget_type=\"image.default\">\n\t\t\t\t<div class=\"elementor-widget-container\">\n\t\t\t\t\t\t\t\t\t\t\t\t\t\t\t<img loading=\"lazy\" decoding=\"async\" width=\"421\" height=\"281\" src=\"https:\/\/lindas.at\/wp-content\/uploads\/2023\/07\/k2-421x281.jpg\" class=\"attachment-industing-folio-3 size-industing-folio-3 wp-image-1281\" alt=\"\" \/>\t\t\t\t\t\t\t\t\t\t\t\t\t\t\t<\/div>\n\t\t\t\t<\/div>\n\t\t\t\t\t<\/div>\n\t\t<\/div>\n\t\t\t\t<div class=\"elementor-column elementor-col-25 elementor-top-column elementor-element elementor-element-92066d7\" data-id=\"92066d7\" data-element_type=\"column\">\n\t\t\t<div class=\"elementor-widget-wrap elementor-element-populated\">\n\t\t\t\t\t\t\t\t<div class=\"elementor-element elementor-element-bcb522a elementor-widget elementor-widget-image\" data-id=\"bcb522a\" data-element_type=\"widget\" data-widget_type=\"image.default\">\n\t\t\t\t<div class=\"elementor-widget-container\">\n\t\t\t\t\t\t\t\t\t\t\t\t\t\t\t<img loading=\"lazy\" decoding=\"async\" width=\"421\" height=\"281\" src=\"https:\/\/lindas.at\/wp-content\/uploads\/2023\/07\/k1-421x281.jpg\" class=\"attachment-industing-folio-3 size-industing-folio-3 wp-image-1280\" alt=\"\" srcset=\"https:\/\/lindas.at\/wp-content\/uploads\/2023\/07\/k1-421x281.jpg 421w, https:\/\/lindas.at\/wp-content\/uploads\/2023\/07\/k1-600x400.jpg 600w\" sizes=\"auto, (max-width: 421px) 100vw, 421px\" \/>\t\t\t\t\t\t\t\t\t\t\t\t\t\t\t<\/div>\n\t\t\t\t<\/div>\n\t\t\t\t\t<\/div>\n\t\t<\/div>\n\t\t\t\t<div class=\"elementor-column elementor-col-25 elementor-top-column elementor-element elementor-element-10796e7\" data-id=\"10796e7\" data-element_type=\"column\">\n\t\t\t<div class=\"elementor-widget-wrap elementor-element-populated\">\n\t\t\t\t\t\t\t\t<div class=\"elementor-element elementor-element-c5d8c4d elementor-widget elementor-widget-image\" data-id=\"c5d8c4d\" data-element_type=\"widget\" data-widget_type=\"image.default\">\n\t\t\t\t<div class=\"elementor-widget-container\">\n\t\t\t\t\t\t\t\t\t\t\t\t\t\t\t<img loading=\"lazy\" decoding=\"async\" width=\"421\" height=\"281\" src=\"https:\/\/lindas.at\/wp-content\/uploads\/2023\/07\/k4-421x281.jpg\" class=\"attachment-industing-folio-3 size-industing-folio-3 wp-image-1283\" alt=\"\" srcset=\"https:\/\/lindas.at\/wp-content\/uploads\/2023\/07\/k4-421x281.jpg 421w, https:\/\/lindas.at\/wp-content\/uploads\/2023\/07\/k4-600x400.jpg 600w\" sizes=\"auto, (max-width: 421px) 100vw, 421px\" \/>\t\t\t\t\t\t\t\t\t\t\t\t\t\t\t<\/div>\n\t\t\t\t<\/div>\n\t\t\t\t\t<\/div>\n\t\t<\/div>\n\t\t\t\t<div class=\"elementor-column elementor-col-25 elementor-top-column elementor-element elementor-element-268963e\" data-id=\"268963e\" data-element_type=\"column\">\n\t\t\t<div class=\"elementor-widget-wrap elementor-element-populated\">\n\t\t\t\t\t\t\t\t<div class=\"elementor-element elementor-element-d304a26 elementor-widget elementor-widget-image\" data-id=\"d304a26\" data-element_type=\"widget\" data-widget_type=\"image.default\">\n\t\t\t\t<div class=\"elementor-widget-container\">\n\t\t\t\t\t\t\t\t\t\t\t\t\t\t\t<img loading=\"lazy\" decoding=\"async\" width=\"421\" height=\"281\" src=\"https:\/\/lindas.at\/wp-content\/uploads\/2023\/07\/k5-421x281.jpg\" class=\"attachment-industing-folio-3 size-industing-folio-3 wp-image-1284\" alt=\"\" srcset=\"https:\/\/lindas.at\/wp-content\/uploads\/2023\/07\/k5-421x281.jpg 421w, https:\/\/lindas.at\/wp-content\/uploads\/2023\/07\/k5-600x400.jpg 600w\" sizes=\"auto, (max-width: 421px) 100vw, 421px\" \/>\t\t\t\t\t\t\t\t\t\t\t\t\t\t\t<\/div>\n\t\t\t\t<\/div>\n\t\t\t\t\t<\/div>\n\t\t<\/div>\n\t\t\t\t\t\t\t<\/div>\n\t\t<\/section>\n\t\t\t\t\t\t\t<\/div>\n\t\t","protected":false},"excerpt":{"rendered":"<p>Stahlbau ist \u00fcberall dort sinnvoll, wo sehr hohe Festigkeitsanforderungen an die Konstruktion gestellt werden. Durch seine Leichtigkeit, Transparenz und Formenvielfalt ist Stahl eines der vielseitigsten Materialien in der Konstruktion. Die Verwendung von Stahl bei Industriegeb\u00e4uden erm\u00f6glicht innovative Ideen und die ansprechende Fassaden zu gestalten. L\u00f6sungen in Form von Podesten, Gel\u00e4ndern und Tr\u00e4gerkonstruktionen sind einige unserer [&hellip;]<\/p>\n","protected":false},"author":2,"featured_media":0,"parent":0,"menu_order":0,"comment_status":"closed","ping_status":"closed","template":"page-templates\/full-width.php","meta":{"footnotes":""},"class_list":["post-1104","page","type-page","status-publish","hentry"],"_links":{"self":[{"href":"https:\/\/lindas.at\/index.php\/wp-json\/wp\/v2\/pages\/1104","targetHints":{"allow":["GET"]}}],"collection":[{"href":"https:\/\/lindas.at\/index.php\/wp-json\/wp\/v2\/pages"}],"about":[{"href":"https:\/\/lindas.at\/index.php\/wp-json\/wp\/v2\/types\/page"}],"author":[{"embeddable":true,"href":"https:\/\/lindas.at\/index.php\/wp-json\/wp\/v2\/users\/2"}],"replies":[{"embeddable":true,"href":"https:\/\/lindas.at\/index.php\/wp-json\/wp\/v2\/comments?post=1104"}],"version-history":[{"count":17,"href":"https:\/\/lindas.at\/index.php\/wp-json\/wp\/v2\/pages\/1104\/revisions"}],"predecessor-version":[{"id":1331,"href":"https:\/\/lindas.at\/index.php\/wp-json\/wp\/v2\/pages\/1104\/revisions\/1331"}],"wp:attachment":[{"href":"https:\/\/lindas.at\/index.php\/wp-json\/wp\/v2\/media?parent=1104"}],"curies":[{"name":"wp","href":"https:\/\/api.w.org\/{rel}","templated":true}]}}