{"id":1109,"date":"2023-06-24T08:19:55","date_gmt":"2023-06-24T08:19:55","guid":{"rendered":"https:\/\/lindas.at\/?page_id=1109"},"modified":"2023-08-29T09:03:47","modified_gmt":"2023-08-29T09:03:47","slug":"fertigungstechnik","status":"publish","type":"page","link":"https:\/\/lindas.at\/index.php\/fertigungstechnik\/","title":{"rendered":"Fertigungstechnik"},"content":{"rendered":"\t\t<div data-elementor-type=\"wp-page\" data-elementor-id=\"1109\" class=\"elementor elementor-1109\">\n\t\t\t\t\t\t\t\t\t<section class=\"elementor-section elementor-top-section elementor-element elementor-element-7f01c34 elementor-section-boxed elementor-section-height-default elementor-section-height-default\" data-id=\"7f01c34\" data-element_type=\"section\">\n\t\t\t\t\t\t<div class=\"elementor-container elementor-column-gap-default\">\n\t\t\t\t\t<div class=\"elementor-column elementor-col-50 elementor-top-column elementor-element elementor-element-9289ec6\" data-id=\"9289ec6\" data-element_type=\"column\">\n\t\t\t<div class=\"elementor-widget-wrap elementor-element-populated\">\n\t\t\t\t\t\t\t\t<div class=\"elementor-element elementor-element-7bf8218 elementor-widget elementor-widget-text-editor\" data-id=\"7bf8218\" data-element_type=\"widget\" data-widget_type=\"text-editor.default\">\n\t\t\t\t<div class=\"elementor-widget-container\">\n\t\t\t<style>\/*! elementor - v3.15.0 - 20-08-2023 *\/\n.elementor-widget-text-editor.elementor-drop-cap-view-stacked .elementor-drop-cap{background-color:#69727d;color:#fff}.elementor-widget-text-editor.elementor-drop-cap-view-framed .elementor-drop-cap{color:#69727d;border:3px solid;background-color:transparent}.elementor-widget-text-editor:not(.elementor-drop-cap-view-default) .elementor-drop-cap{margin-top:8px}.elementor-widget-text-editor:not(.elementor-drop-cap-view-default) .elementor-drop-cap-letter{width:1em;height:1em}.elementor-widget-text-editor .elementor-drop-cap{float:left;text-align:center;line-height:1;font-size:50px}.elementor-widget-text-editor .elementor-drop-cap-letter{display:inline-block}<\/style>\t\t\t\t<p align=\"justify\">Durch unseren Fertigungsstandort in Osteuropa k\u00f6nnen wir unseren Kunden immer eine kostenoptimierte L\u00f6sung anbieten. Unsere Produktion verf\u00fcgt \u00fcber CNC-Fr\u00e4sen und Drehmaschinen, Abkantpressen bis 250 Tonnen f\u00fcr Blechbearbeitungen bis hin zur Trenntechnik wie Wasserschneidanlage und Leserschneidanlage eine fl\u00e4chendeckende Kapazit\u00e4t f\u00fcr den Anlagenbau.<\/p>\n\n<p align=\"justify\">Unsere Kunden sch\u00e4tzen die Beratung bei der Gestaltung von Blechbiegeteilen bereits in der Entwicklungsphase, um diese fertigungstechnisch optimiert zu gestalten. Gerade in der Entwicklungsphase neuer Produkte ist schnelles Agieren notwendig.<\/p>\n\n<p align=\"justify\">Je\u00a0nach Kundenwunsch k\u00f6nnen wir dabei von Serienproduktion bis hin zur Einzelanfertigung alles abdecken.<\/p>\t\t\t\t\t\t<\/div>\n\t\t\t\t<\/div>\n\t\t\t\t\t<\/div>\n\t\t<\/div>\n\t\t\t\t<div class=\"elementor-column elementor-col-50 elementor-top-column elementor-element elementor-element-78256cc\" data-id=\"78256cc\" data-element_type=\"column\">\n\t\t\t<div class=\"elementor-widget-wrap elementor-element-populated\">\n\t\t\t\t\t\t\t\t<div class=\"elementor-element elementor-element-aa813c8 elementor-widget elementor-widget-image\" data-id=\"aa813c8\" data-element_type=\"widget\" data-widget_type=\"image.default\">\n\t\t\t\t<div class=\"elementor-widget-container\">\n\t\t\t<style>\/*! elementor - v3.15.0 - 20-08-2023 *\/\n.elementor-widget-image{text-align:center}.elementor-widget-image a{display:inline-block}.elementor-widget-image a img[src$=\".svg\"]{width:48px}.elementor-widget-image img{vertical-align:middle;display:inline-block}<\/style>\t\t\t\t\t\t\t\t\t\t\t\t<img loading=\"lazy\" decoding=\"async\" width=\"1024\" height=\"679\" src=\"https:\/\/lindas.at\/wp-content\/uploads\/2023\/06\/INZENJERSTVO.jpg\" class=\"attachment-large size-large wp-image-1187\" alt=\"\" srcset=\"https:\/\/lindas.at\/wp-content\/uploads\/2023\/06\/INZENJERSTVO.jpg 1024w, https:\/\/lindas.at\/wp-content\/uploads\/2023\/06\/INZENJERSTVO-300x199.jpg 300w, https:\/\/lindas.at\/wp-content\/uploads\/2023\/06\/INZENJERSTVO-768x509.jpg 768w, https:\/\/lindas.at\/wp-content\/uploads\/2023\/06\/INZENJERSTVO-333x220.jpg 333w, https:\/\/lindas.at\/wp-content\/uploads\/2023\/06\/INZENJERSTVO-600x398.jpg 600w\" sizes=\"auto, (max-width: 1024px) 100vw, 1024px\" \/>\t\t\t\t\t\t\t\t\t\t\t\t\t\t\t<\/div>\n\t\t\t\t<\/div>\n\t\t\t\t\t<\/div>\n\t\t<\/div>\n\t\t\t\t\t\t\t<\/div>\n\t\t<\/section>\n\t\t\t\t<section class=\"elementor-section elementor-top-section elementor-element elementor-element-eeec672 elementor-section-boxed elementor-section-height-default elementor-section-height-default\" data-id=\"eeec672\" data-element_type=\"section\">\n\t\t\t\t\t\t<div class=\"elementor-container elementor-column-gap-default\">\n\t\t\t\t\t<div class=\"elementor-column elementor-col-25 elementor-top-column elementor-element elementor-element-f20fb77\" data-id=\"f20fb77\" data-element_type=\"column\">\n\t\t\t<div class=\"elementor-widget-wrap elementor-element-populated\">\n\t\t\t\t\t\t\t\t<div class=\"elementor-element elementor-element-183cf60 elementor-widget elementor-widget-image\" data-id=\"183cf60\" data-element_type=\"widget\" data-widget_type=\"image.default\">\n\t\t\t\t<div class=\"elementor-widget-container\">\n\t\t\t\t\t\t\t\t\t\t\t\t\t\t\t<img loading=\"lazy\" decoding=\"async\" width=\"421\" height=\"281\" src=\"https:\/\/lindas.at\/wp-content\/uploads\/2023\/07\/f3-421x281.jpg\" class=\"attachment-industing-folio-3 size-industing-folio-3 wp-image-1274\" alt=\"\" \/>\t\t\t\t\t\t\t\t\t\t\t\t\t\t\t<\/div>\n\t\t\t\t<\/div>\n\t\t\t\t\t<\/div>\n\t\t<\/div>\n\t\t\t\t<div class=\"elementor-column elementor-col-25 elementor-top-column elementor-element elementor-element-463aef5\" data-id=\"463aef5\" data-element_type=\"column\">\n\t\t\t<div class=\"elementor-widget-wrap elementor-element-populated\">\n\t\t\t\t\t\t\t\t<div class=\"elementor-element elementor-element-795a084 elementor-widget elementor-widget-image\" data-id=\"795a084\" data-element_type=\"widget\" data-widget_type=\"image.default\">\n\t\t\t\t<div class=\"elementor-widget-container\">\n\t\t\t\t\t\t\t\t\t\t\t\t\t\t\t<img loading=\"lazy\" decoding=\"async\" width=\"421\" height=\"281\" src=\"https:\/\/lindas.at\/wp-content\/uploads\/2023\/07\/f4-421x281.jpg\" class=\"attachment-industing-folio-3 size-industing-folio-3 wp-image-1275\" alt=\"\" \/>\t\t\t\t\t\t\t\t\t\t\t\t\t\t\t<\/div>\n\t\t\t\t<\/div>\n\t\t\t\t\t<\/div>\n\t\t<\/div>\n\t\t\t\t<div class=\"elementor-column elementor-col-25 elementor-top-column elementor-element elementor-element-680cf2a\" data-id=\"680cf2a\" data-element_type=\"column\">\n\t\t\t<div class=\"elementor-widget-wrap elementor-element-populated\">\n\t\t\t\t\t\t\t\t<div class=\"elementor-element elementor-element-3d954c5 elementor-widget elementor-widget-image\" data-id=\"3d954c5\" data-element_type=\"widget\" data-widget_type=\"image.default\">\n\t\t\t\t<div class=\"elementor-widget-container\">\n\t\t\t\t\t\t\t\t\t\t\t\t\t\t\t<img loading=\"lazy\" decoding=\"async\" width=\"421\" height=\"281\" src=\"https:\/\/lindas.at\/wp-content\/uploads\/2023\/07\/f1-421x281.jpg\" class=\"attachment-industing-folio-3 size-industing-folio-3 wp-image-1272\" alt=\"\" srcset=\"https:\/\/lindas.at\/wp-content\/uploads\/2023\/07\/f1-421x281.jpg 421w, https:\/\/lindas.at\/wp-content\/uploads\/2023\/07\/f1-600x400.jpg 600w\" sizes=\"auto, (max-width: 421px) 100vw, 421px\" \/>\t\t\t\t\t\t\t\t\t\t\t\t\t\t\t<\/div>\n\t\t\t\t<\/div>\n\t\t\t\t\t<\/div>\n\t\t<\/div>\n\t\t\t\t<div class=\"elementor-column elementor-col-25 elementor-top-column elementor-element elementor-element-1b1fc49\" data-id=\"1b1fc49\" data-element_type=\"column\">\n\t\t\t<div class=\"elementor-widget-wrap elementor-element-populated\">\n\t\t\t\t\t\t\t\t<div class=\"elementor-element elementor-element-1c57ac7 elementor-widget elementor-widget-image\" data-id=\"1c57ac7\" data-element_type=\"widget\" data-widget_type=\"image.default\">\n\t\t\t\t<div class=\"elementor-widget-container\">\n\t\t\t\t\t\t\t\t\t\t\t\t\t\t\t<img loading=\"lazy\" decoding=\"async\" width=\"421\" height=\"281\" src=\"https:\/\/lindas.at\/wp-content\/uploads\/2023\/07\/f5-421x281.jpg\" class=\"attachment-industing-folio-3 size-industing-folio-3 wp-image-1276\" alt=\"\" \/>\t\t\t\t\t\t\t\t\t\t\t\t\t\t\t<\/div>\n\t\t\t\t<\/div>\n\t\t\t\t\t<\/div>\n\t\t<\/div>\n\t\t\t\t\t\t\t<\/div>\n\t\t<\/section>\n\t\t\t\t\t\t\t<\/div>\n\t\t","protected":false},"excerpt":{"rendered":"<p>Durch unseren Fertigungsstandort in Osteuropa k\u00f6nnen wir unseren Kunden immer eine kostenoptimierte L\u00f6sung anbieten. Unsere Produktion verf\u00fcgt \u00fcber CNC-Fr\u00e4sen und Drehmaschinen, Abkantpressen bis 250 Tonnen f\u00fcr Blechbearbeitungen bis hin zur Trenntechnik wie Wasserschneidanlage und Leserschneidanlage eine fl\u00e4chendeckende Kapazit\u00e4t f\u00fcr den Anlagenbau. Unsere Kunden sch\u00e4tzen die Beratung bei der Gestaltung von Blechbiegeteilen bereits in der Entwicklungsphase, [&hellip;]<\/p>\n","protected":false},"author":2,"featured_media":0,"parent":0,"menu_order":0,"comment_status":"closed","ping_status":"closed","template":"page-templates\/full-width.php","meta":{"footnotes":""},"class_list":["post-1109","page","type-page","status-publish","hentry"],"_links":{"self":[{"href":"https:\/\/lindas.at\/index.php\/wp-json\/wp\/v2\/pages\/1109","targetHints":{"allow":["GET"]}}],"collection":[{"href":"https:\/\/lindas.at\/index.php\/wp-json\/wp\/v2\/pages"}],"about":[{"href":"https:\/\/lindas.at\/index.php\/wp-json\/wp\/v2\/types\/page"}],"author":[{"embeddable":true,"href":"https:\/\/lindas.at\/index.php\/wp-json\/wp\/v2\/users\/2"}],"replies":[{"embeddable":true,"href":"https:\/\/lindas.at\/index.php\/wp-json\/wp\/v2\/comments?post=1109"}],"version-history":[{"count":17,"href":"https:\/\/lindas.at\/index.php\/wp-json\/wp\/v2\/pages\/1109\/revisions"}],"predecessor-version":[{"id":1327,"href":"https:\/\/lindas.at\/index.php\/wp-json\/wp\/v2\/pages\/1109\/revisions\/1327"}],"wp:attachment":[{"href":"https:\/\/lindas.at\/index.php\/wp-json\/wp\/v2\/media?parent=1109"}],"curies":[{"name":"wp","href":"https:\/\/api.w.org\/{rel}","templated":true}]}}