{"id":1114,"date":"2023-06-24T08:21:14","date_gmt":"2023-06-24T08:21:14","guid":{"rendered":"https:\/\/lindas.at\/?page_id=1114"},"modified":"2023-08-29T09:02:22","modified_gmt":"2023-08-29T09:02:22","slug":"schweisstechnik","status":"publish","type":"page","link":"https:\/\/lindas.at\/index.php\/schweisstechnik\/","title":{"rendered":"Schweisstechnik"},"content":{"rendered":"\t\t<div data-elementor-type=\"wp-page\" data-elementor-id=\"1114\" class=\"elementor elementor-1114\">\n\t\t\t\t\t\t\t\t\t<section class=\"elementor-section elementor-top-section elementor-element elementor-element-7f01c34 elementor-section-boxed elementor-section-height-default elementor-section-height-default\" data-id=\"7f01c34\" data-element_type=\"section\">\n\t\t\t\t\t\t<div class=\"elementor-container elementor-column-gap-default\">\n\t\t\t\t\t<div class=\"elementor-column elementor-col-50 elementor-top-column elementor-element elementor-element-9289ec6\" data-id=\"9289ec6\" data-element_type=\"column\">\n\t\t\t<div class=\"elementor-widget-wrap elementor-element-populated\">\n\t\t\t\t\t\t\t\t<div class=\"elementor-element elementor-element-7bf8218 elementor-widget elementor-widget-text-editor\" data-id=\"7bf8218\" data-element_type=\"widget\" data-widget_type=\"text-editor.default\">\n\t\t\t\t<div class=\"elementor-widget-container\">\n\t\t\t<style>\/*! elementor - v3.15.0 - 20-08-2023 *\/\n.elementor-widget-text-editor.elementor-drop-cap-view-stacked .elementor-drop-cap{background-color:#69727d;color:#fff}.elementor-widget-text-editor.elementor-drop-cap-view-framed .elementor-drop-cap{color:#69727d;border:3px solid;background-color:transparent}.elementor-widget-text-editor:not(.elementor-drop-cap-view-default) .elementor-drop-cap{margin-top:8px}.elementor-widget-text-editor:not(.elementor-drop-cap-view-default) .elementor-drop-cap-letter{width:1em;height:1em}.elementor-widget-text-editor .elementor-drop-cap{float:left;text-align:center;line-height:1;font-size:50px}.elementor-widget-text-editor .elementor-drop-cap-letter{display:inline-block}<\/style>\t\t\t\t<p align=\"justify\">Unsere umfangreiche Expertise und herausragende Verl\u00e4sslichkeit im Bereich Schwei\u00dfverbindungen erm\u00f6glichen uns, Ihnen eine erstklassige Dienstleistung zu bieten. Mit langj\u00e4hriger Erfahrung in der Schwei\u00dftechnik sowie der fachkundigen Beratung durch unsere eigenen Schwei\u00dffachingenieure gew\u00e4hrleisten wir Ihnen h\u00f6chste Sicherheit und Kompetenz bei der Ausf\u00fchrung Ihrer Aufgaben.<\/p>\t\t\t\t\t\t<\/div>\n\t\t\t\t<\/div>\n\t\t\t\t<div class=\"elementor-element elementor-element-87cde33 elementor-widget elementor-widget-text-editor\" data-id=\"87cde33\" data-element_type=\"widget\" data-widget_type=\"text-editor.default\">\n\t\t\t\t<div class=\"elementor-widget-container\">\n\t\t\t\t\t\t\tSchwei\u00dferpr\u00fcfung nach DIN EN ISO 9606-1\n\nSchwei\u00dfverfahren:\n<ul>\n \t<li>WIG\/TIG (141)<\/li>\n \t<li>E (111)<\/li>\n \t<li>MAG (135)<\/li>\n<\/ul>\nVerfahrenspr\u00fcfung nach EN 15614-1\n\nVerarbeitete Werkstoffe:\n<ul>\n \t<li>C-St\u00e4hle\/Baust\u00e4hle<\/li>\n \t<li>Austenitische St\u00e4hle, Vollaustenitische St\u00e4hle<\/li>\n \t<li>Warmfeste\u00a0St\u00e4hle.<\/li>\n<\/ul>\t\t\t\t\t\t<\/div>\n\t\t\t\t<\/div>\n\t\t\t\t\t<\/div>\n\t\t<\/div>\n\t\t\t\t<div class=\"elementor-column elementor-col-50 elementor-top-column elementor-element elementor-element-78256cc\" data-id=\"78256cc\" data-element_type=\"column\">\n\t\t\t<div class=\"elementor-widget-wrap elementor-element-populated\">\n\t\t\t\t\t\t\t\t<div class=\"elementor-element elementor-element-aa813c8 elementor-widget elementor-widget-image\" data-id=\"aa813c8\" data-element_type=\"widget\" data-widget_type=\"image.default\">\n\t\t\t\t<div class=\"elementor-widget-container\">\n\t\t\t<style>\/*! elementor - v3.15.0 - 20-08-2023 *\/\n.elementor-widget-image{text-align:center}.elementor-widget-image a{display:inline-block}.elementor-widget-image a img[src$=\".svg\"]{width:48px}.elementor-widget-image img{vertical-align:middle;display:inline-block}<\/style>\t\t\t\t\t\t\t\t\t\t\t\t<img loading=\"lazy\" decoding=\"async\" width=\"1024\" height=\"679\" src=\"https:\/\/lindas.at\/wp-content\/uploads\/2023\/06\/WELDING.jpg\" class=\"attachment-large size-large wp-image-1179\" alt=\"\" srcset=\"https:\/\/lindas.at\/wp-content\/uploads\/2023\/06\/WELDING.jpg 1024w, https:\/\/lindas.at\/wp-content\/uploads\/2023\/06\/WELDING-300x199.jpg 300w, https:\/\/lindas.at\/wp-content\/uploads\/2023\/06\/WELDING-768x509.jpg 768w, https:\/\/lindas.at\/wp-content\/uploads\/2023\/06\/WELDING-333x220.jpg 333w, https:\/\/lindas.at\/wp-content\/uploads\/2023\/06\/WELDING-600x398.jpg 600w\" sizes=\"auto, (max-width: 1024px) 100vw, 1024px\" \/>\t\t\t\t\t\t\t\t\t\t\t\t\t\t\t<\/div>\n\t\t\t\t<\/div>\n\t\t\t\t\t<\/div>\n\t\t<\/div>\n\t\t\t\t\t\t\t<\/div>\n\t\t<\/section>\n\t\t\t\t<section class=\"elementor-section elementor-top-section elementor-element elementor-element-542a748 elementor-section-boxed elementor-section-height-default elementor-section-height-default\" data-id=\"542a748\" data-element_type=\"section\">\n\t\t\t\t\t\t<div class=\"elementor-container elementor-column-gap-default\">\n\t\t\t\t\t<div class=\"elementor-column elementor-col-25 elementor-top-column elementor-element elementor-element-4485bd8\" data-id=\"4485bd8\" data-element_type=\"column\">\n\t\t\t<div class=\"elementor-widget-wrap elementor-element-populated\">\n\t\t\t\t\t\t\t\t<div class=\"elementor-element elementor-element-9e633f1 elementor-widget elementor-widget-image\" data-id=\"9e633f1\" data-element_type=\"widget\" data-widget_type=\"image.default\">\n\t\t\t\t<div class=\"elementor-widget-container\">\n\t\t\t\t\t\t\t\t\t\t\t\t\t\t\t<img loading=\"lazy\" decoding=\"async\" width=\"421\" height=\"281\" src=\"https:\/\/lindas.at\/wp-content\/uploads\/2023\/07\/v2-421x281.jpg\" class=\"attachment-industing-folio-3 size-industing-folio-3 wp-image-1265\" alt=\"\" \/>\t\t\t\t\t\t\t\t\t\t\t\t\t\t\t<\/div>\n\t\t\t\t<\/div>\n\t\t\t\t\t<\/div>\n\t\t<\/div>\n\t\t\t\t<div class=\"elementor-column elementor-col-25 elementor-top-column elementor-element elementor-element-9d2b408\" data-id=\"9d2b408\" data-element_type=\"column\">\n\t\t\t<div class=\"elementor-widget-wrap elementor-element-populated\">\n\t\t\t\t\t\t\t\t<div class=\"elementor-element elementor-element-a31f834 elementor-widget elementor-widget-image\" data-id=\"a31f834\" data-element_type=\"widget\" data-widget_type=\"image.default\">\n\t\t\t\t<div class=\"elementor-widget-container\">\n\t\t\t\t\t\t\t\t\t\t\t\t\t\t\t<img loading=\"lazy\" decoding=\"async\" width=\"421\" height=\"281\" src=\"https:\/\/lindas.at\/wp-content\/uploads\/2023\/07\/v1-421x281.jpg\" class=\"attachment-industing-folio-3 size-industing-folio-3 wp-image-1264\" alt=\"\" \/>\t\t\t\t\t\t\t\t\t\t\t\t\t\t\t<\/div>\n\t\t\t\t<\/div>\n\t\t\t\t\t<\/div>\n\t\t<\/div>\n\t\t\t\t<div class=\"elementor-column elementor-col-25 elementor-top-column elementor-element elementor-element-c9e7c1e\" data-id=\"c9e7c1e\" data-element_type=\"column\">\n\t\t\t<div class=\"elementor-widget-wrap elementor-element-populated\">\n\t\t\t\t\t\t\t\t<div class=\"elementor-element elementor-element-8c2e17c elementor-widget elementor-widget-image\" data-id=\"8c2e17c\" data-element_type=\"widget\" data-widget_type=\"image.default\">\n\t\t\t\t<div class=\"elementor-widget-container\">\n\t\t\t\t\t\t\t\t\t\t\t\t\t\t\t<img loading=\"lazy\" decoding=\"async\" width=\"421\" height=\"281\" src=\"https:\/\/lindas.at\/wp-content\/uploads\/2023\/07\/v3-421x281.jpg\" class=\"attachment-industing-folio-3 size-industing-folio-3 wp-image-1267\" alt=\"\" srcset=\"https:\/\/lindas.at\/wp-content\/uploads\/2023\/07\/v3-421x281.jpg 421w, https:\/\/lindas.at\/wp-content\/uploads\/2023\/07\/v3-600x400.jpg 600w\" sizes=\"auto, (max-width: 421px) 100vw, 421px\" \/>\t\t\t\t\t\t\t\t\t\t\t\t\t\t\t<\/div>\n\t\t\t\t<\/div>\n\t\t\t\t\t<\/div>\n\t\t<\/div>\n\t\t\t\t<div class=\"elementor-column elementor-col-25 elementor-top-column elementor-element elementor-element-6be1325\" data-id=\"6be1325\" data-element_type=\"column\">\n\t\t\t<div class=\"elementor-widget-wrap elementor-element-populated\">\n\t\t\t\t\t\t\t\t<div class=\"elementor-element elementor-element-2b3d4d9 elementor-widget elementor-widget-image\" data-id=\"2b3d4d9\" data-element_type=\"widget\" data-widget_type=\"image.default\">\n\t\t\t\t<div class=\"elementor-widget-container\">\n\t\t\t\t\t\t\t\t\t\t\t\t\t\t\t<img loading=\"lazy\" decoding=\"async\" width=\"421\" height=\"281\" src=\"https:\/\/lindas.at\/wp-content\/uploads\/2023\/07\/v4-421x281.jpg\" class=\"attachment-industing-folio-3 size-industing-folio-3 wp-image-1268\" alt=\"\" \/>\t\t\t\t\t\t\t\t\t\t\t\t\t\t\t<\/div>\n\t\t\t\t<\/div>\n\t\t\t\t\t<\/div>\n\t\t<\/div>\n\t\t\t\t\t\t\t<\/div>\n\t\t<\/section>\n\t\t\t\t\t\t\t<\/div>\n\t\t","protected":false},"excerpt":{"rendered":"<p>Unsere umfangreiche Expertise und herausragende Verl\u00e4sslichkeit im Bereich Schwei\u00dfverbindungen erm\u00f6glichen uns, Ihnen eine erstklassige Dienstleistung zu bieten. Mit langj\u00e4hriger Erfahrung in der Schwei\u00dftechnik sowie der fachkundigen Beratung durch unsere eigenen Schwei\u00dffachingenieure gew\u00e4hrleisten wir Ihnen h\u00f6chste Sicherheit und Kompetenz bei der Ausf\u00fchrung Ihrer Aufgaben. Schwei\u00dferpr\u00fcfung nach DIN EN ISO 9606-1 Schwei\u00dfverfahren: WIG\/TIG (141) E (111) MAG [&hellip;]<\/p>\n","protected":false},"author":2,"featured_media":0,"parent":0,"menu_order":0,"comment_status":"closed","ping_status":"closed","template":"page-templates\/full-width.php","meta":{"footnotes":""},"class_list":["post-1114","page","type-page","status-publish","hentry"],"_links":{"self":[{"href":"https:\/\/lindas.at\/index.php\/wp-json\/wp\/v2\/pages\/1114","targetHints":{"allow":["GET"]}}],"collection":[{"href":"https:\/\/lindas.at\/index.php\/wp-json\/wp\/v2\/pages"}],"about":[{"href":"https:\/\/lindas.at\/index.php\/wp-json\/wp\/v2\/types\/page"}],"author":[{"embeddable":true,"href":"https:\/\/lindas.at\/index.php\/wp-json\/wp\/v2\/users\/2"}],"replies":[{"embeddable":true,"href":"https:\/\/lindas.at\/index.php\/wp-json\/wp\/v2\/comments?post=1114"}],"version-history":[{"count":17,"href":"https:\/\/lindas.at\/index.php\/wp-json\/wp\/v2\/pages\/1114\/revisions"}],"predecessor-version":[{"id":1323,"href":"https:\/\/lindas.at\/index.php\/wp-json\/wp\/v2\/pages\/1114\/revisions\/1323"}],"wp:attachment":[{"href":"https:\/\/lindas.at\/index.php\/wp-json\/wp\/v2\/media?parent=1114"}],"curies":[{"name":"wp","href":"https:\/\/api.w.org\/{rel}","templated":true}]}}