{"id":1119,"date":"2023-06-24T08:22:24","date_gmt":"2023-06-24T08:22:24","guid":{"rendered":"https:\/\/lindas.at\/?page_id=1119"},"modified":"2023-08-29T09:01:16","modified_gmt":"2023-08-29T09:01:16","slug":"instandhaltung","status":"publish","type":"page","link":"https:\/\/lindas.at\/index.php\/instandhaltung\/","title":{"rendered":"Instandhaltung"},"content":{"rendered":"\t\t<div data-elementor-type=\"wp-page\" data-elementor-id=\"1119\" class=\"elementor elementor-1119\">\n\t\t\t\t\t\t\t\t\t<section class=\"elementor-section elementor-top-section elementor-element elementor-element-7f01c34 elementor-section-boxed elementor-section-height-default elementor-section-height-default\" data-id=\"7f01c34\" data-element_type=\"section\">\n\t\t\t\t\t\t<div class=\"elementor-container elementor-column-gap-default\">\n\t\t\t\t\t<div class=\"elementor-column elementor-col-50 elementor-top-column elementor-element elementor-element-9289ec6\" data-id=\"9289ec6\" data-element_type=\"column\">\n\t\t\t<div class=\"elementor-widget-wrap elementor-element-populated\">\n\t\t\t\t\t\t\t\t<div class=\"elementor-element elementor-element-7bf8218 elementor-widget elementor-widget-text-editor\" data-id=\"7bf8218\" data-element_type=\"widget\" data-widget_type=\"text-editor.default\">\n\t\t\t\t<div class=\"elementor-widget-container\">\n\t\t\t<style>\/*! elementor - v3.15.0 - 20-08-2023 *\/\n.elementor-widget-text-editor.elementor-drop-cap-view-stacked .elementor-drop-cap{background-color:#69727d;color:#fff}.elementor-widget-text-editor.elementor-drop-cap-view-framed .elementor-drop-cap{color:#69727d;border:3px solid;background-color:transparent}.elementor-widget-text-editor:not(.elementor-drop-cap-view-default) .elementor-drop-cap{margin-top:8px}.elementor-widget-text-editor:not(.elementor-drop-cap-view-default) .elementor-drop-cap-letter{width:1em;height:1em}.elementor-widget-text-editor .elementor-drop-cap{float:left;text-align:center;line-height:1;font-size:50px}.elementor-widget-text-editor .elementor-drop-cap-letter{display:inline-block}<\/style>\t\t\t\t<p align=\"justify\">F\u00fcr unsere Kunden ist ein reibungsloser Betrieb Ihrer Anlage das A und O. Unser gesamtes Team steht unseren Kunden zur Verf\u00fcgung, um die Vorgabe bestm\u00f6glich zu meistern.<\/p>\n\n<p align=\"justify\">Hierbei gibt es die M\u00f6glichkeit, f\u00fcr unsere Kunden unseren Einsatz Pauschal- bzw. in Regiearbeit anzufordern. Auch die Erstellung von Revisionspl\u00e4nen und technischer Dokumentation z\u00e4hlt\u00a0zu unserem Leistungsangebot.<\/p>\t\t\t\t\t\t<\/div>\n\t\t\t\t<\/div>\n\t\t\t\t\t<\/div>\n\t\t<\/div>\n\t\t\t\t<div class=\"elementor-column elementor-col-50 elementor-top-column elementor-element elementor-element-78256cc\" data-id=\"78256cc\" data-element_type=\"column\">\n\t\t\t<div class=\"elementor-widget-wrap elementor-element-populated\">\n\t\t\t\t\t\t\t\t<div class=\"elementor-element elementor-element-aa813c8 elementor-widget elementor-widget-image\" data-id=\"aa813c8\" data-element_type=\"widget\" data-widget_type=\"image.default\">\n\t\t\t\t<div class=\"elementor-widget-container\">\n\t\t\t<style>\/*! elementor - v3.15.0 - 20-08-2023 *\/\n.elementor-widget-image{text-align:center}.elementor-widget-image a{display:inline-block}.elementor-widget-image a img[src$=\".svg\"]{width:48px}.elementor-widget-image img{vertical-align:middle;display:inline-block}<\/style>\t\t\t\t\t\t\t\t\t\t\t\t<img loading=\"lazy\" decoding=\"async\" width=\"1024\" height=\"679\" src=\"https:\/\/lindas.at\/wp-content\/uploads\/2023\/06\/ODRZAVANJE.jpg\" class=\"attachment-large size-large wp-image-1183\" alt=\"\" srcset=\"https:\/\/lindas.at\/wp-content\/uploads\/2023\/06\/ODRZAVANJE.jpg 1024w, https:\/\/lindas.at\/wp-content\/uploads\/2023\/06\/ODRZAVANJE-300x199.jpg 300w, https:\/\/lindas.at\/wp-content\/uploads\/2023\/06\/ODRZAVANJE-768x509.jpg 768w, https:\/\/lindas.at\/wp-content\/uploads\/2023\/06\/ODRZAVANJE-333x220.jpg 333w, https:\/\/lindas.at\/wp-content\/uploads\/2023\/06\/ODRZAVANJE-600x398.jpg 600w\" sizes=\"auto, (max-width: 1024px) 100vw, 1024px\" \/>\t\t\t\t\t\t\t\t\t\t\t\t\t\t\t<\/div>\n\t\t\t\t<\/div>\n\t\t\t\t\t<\/div>\n\t\t<\/div>\n\t\t\t\t\t\t\t<\/div>\n\t\t<\/section>\n\t\t\t\t<section class=\"elementor-section elementor-top-section elementor-element elementor-element-de9eaa8 elementor-section-boxed elementor-section-height-default elementor-section-height-default\" data-id=\"de9eaa8\" data-element_type=\"section\">\n\t\t\t\t\t\t<div class=\"elementor-container elementor-column-gap-default\">\n\t\t\t\t\t<div class=\"elementor-column elementor-col-25 elementor-top-column elementor-element elementor-element-d687c6a\" data-id=\"d687c6a\" data-element_type=\"column\">\n\t\t\t<div class=\"elementor-widget-wrap elementor-element-populated\">\n\t\t\t\t\t\t\t\t<div class=\"elementor-element elementor-element-da0f13a elementor-widget elementor-widget-image\" data-id=\"da0f13a\" data-element_type=\"widget\" data-widget_type=\"image.default\">\n\t\t\t\t<div class=\"elementor-widget-container\">\n\t\t\t\t\t\t\t\t\t\t\t\t\t\t\t<img loading=\"lazy\" decoding=\"async\" width=\"421\" height=\"281\" src=\"https:\/\/lindas.at\/wp-content\/uploads\/2023\/07\/ind-3-421x281.jpg\" class=\"attachment-industing-folio-3 size-industing-folio-3 wp-image-1253\" alt=\"\" \/>\t\t\t\t\t\t\t\t\t\t\t\t\t\t\t<\/div>\n\t\t\t\t<\/div>\n\t\t\t\t\t<\/div>\n\t\t<\/div>\n\t\t\t\t<div class=\"elementor-column elementor-col-25 elementor-top-column elementor-element elementor-element-b499917\" data-id=\"b499917\" data-element_type=\"column\">\n\t\t\t<div class=\"elementor-widget-wrap elementor-element-populated\">\n\t\t\t\t\t\t\t\t<div class=\"elementor-element elementor-element-30e652b elementor-widget elementor-widget-image\" data-id=\"30e652b\" data-element_type=\"widget\" data-widget_type=\"image.default\">\n\t\t\t\t<div class=\"elementor-widget-container\">\n\t\t\t\t\t\t\t\t\t\t\t\t\t\t\t<img loading=\"lazy\" decoding=\"async\" width=\"421\" height=\"281\" src=\"https:\/\/lindas.at\/wp-content\/uploads\/2023\/07\/ind-2-421x281.jpg\" class=\"attachment-industing-folio-3 size-industing-folio-3 wp-image-1252\" alt=\"\" srcset=\"https:\/\/lindas.at\/wp-content\/uploads\/2023\/07\/ind-2-421x281.jpg 421w, https:\/\/lindas.at\/wp-content\/uploads\/2023\/07\/ind-2-600x400.jpg 600w\" sizes=\"auto, (max-width: 421px) 100vw, 421px\" \/>\t\t\t\t\t\t\t\t\t\t\t\t\t\t\t<\/div>\n\t\t\t\t<\/div>\n\t\t\t\t\t<\/div>\n\t\t<\/div>\n\t\t\t\t<div class=\"elementor-column elementor-col-25 elementor-top-column elementor-element elementor-element-36db516\" data-id=\"36db516\" data-element_type=\"column\">\n\t\t\t<div class=\"elementor-widget-wrap elementor-element-populated\">\n\t\t\t\t\t\t\t\t<div class=\"elementor-element elementor-element-ec8d6fd elementor-widget elementor-widget-image\" data-id=\"ec8d6fd\" data-element_type=\"widget\" data-widget_type=\"image.default\">\n\t\t\t\t<div class=\"elementor-widget-container\">\n\t\t\t\t\t\t\t\t\t\t\t\t\t\t\t<img loading=\"lazy\" decoding=\"async\" width=\"421\" height=\"281\" src=\"https:\/\/lindas.at\/wp-content\/uploads\/2023\/07\/ind-1-421x281.jpg\" class=\"attachment-industing-folio-3 size-industing-folio-3 wp-image-1251\" alt=\"\" srcset=\"https:\/\/lindas.at\/wp-content\/uploads\/2023\/07\/ind-1-421x281.jpg 421w, https:\/\/lindas.at\/wp-content\/uploads\/2023\/07\/ind-1-600x400.jpg 600w\" sizes=\"auto, (max-width: 421px) 100vw, 421px\" \/>\t\t\t\t\t\t\t\t\t\t\t\t\t\t\t<\/div>\n\t\t\t\t<\/div>\n\t\t\t\t\t<\/div>\n\t\t<\/div>\n\t\t\t\t<div class=\"elementor-column elementor-col-25 elementor-top-column elementor-element elementor-element-31a9e9d\" data-id=\"31a9e9d\" data-element_type=\"column\">\n\t\t\t<div class=\"elementor-widget-wrap elementor-element-populated\">\n\t\t\t\t\t\t\t\t<div class=\"elementor-element elementor-element-2a3967e elementor-widget elementor-widget-image\" data-id=\"2a3967e\" data-element_type=\"widget\" data-widget_type=\"image.default\">\n\t\t\t\t<div class=\"elementor-widget-container\">\n\t\t\t\t\t\t\t\t\t\t\t\t\t\t\t<img loading=\"lazy\" decoding=\"async\" width=\"421\" height=\"281\" src=\"https:\/\/lindas.at\/wp-content\/uploads\/2023\/07\/ind-4-421x281.jpg\" class=\"attachment-industing-folio-3 size-industing-folio-3 wp-image-1254\" alt=\"\" \/>\t\t\t\t\t\t\t\t\t\t\t\t\t\t\t<\/div>\n\t\t\t\t<\/div>\n\t\t\t\t\t<\/div>\n\t\t<\/div>\n\t\t\t\t\t\t\t<\/div>\n\t\t<\/section>\n\t\t\t\t\t\t\t<\/div>\n\t\t","protected":false},"excerpt":{"rendered":"<p>F\u00fcr unsere Kunden ist ein reibungsloser Betrieb Ihrer Anlage das A und O. Unser gesamtes Team steht unseren Kunden zur Verf\u00fcgung, um die Vorgabe bestm\u00f6glich zu meistern. Hierbei gibt es die M\u00f6glichkeit, f\u00fcr unsere Kunden unseren Einsatz Pauschal- bzw. in Regiearbeit anzufordern. Auch die Erstellung von Revisionspl\u00e4nen und technischer Dokumentation z\u00e4hlt\u00a0zu unserem Leistungsangebot.<\/p>\n","protected":false},"author":2,"featured_media":0,"parent":0,"menu_order":0,"comment_status":"closed","ping_status":"closed","template":"page-templates\/full-width.php","meta":{"footnotes":""},"class_list":["post-1119","page","type-page","status-publish","hentry"],"_links":{"self":[{"href":"https:\/\/lindas.at\/index.php\/wp-json\/wp\/v2\/pages\/1119","targetHints":{"allow":["GET"]}}],"collection":[{"href":"https:\/\/lindas.at\/index.php\/wp-json\/wp\/v2\/pages"}],"about":[{"href":"https:\/\/lindas.at\/index.php\/wp-json\/wp\/v2\/types\/page"}],"author":[{"embeddable":true,"href":"https:\/\/lindas.at\/index.php\/wp-json\/wp\/v2\/users\/2"}],"replies":[{"embeddable":true,"href":"https:\/\/lindas.at\/index.php\/wp-json\/wp\/v2\/comments?post=1119"}],"version-history":[{"count":17,"href":"https:\/\/lindas.at\/index.php\/wp-json\/wp\/v2\/pages\/1119\/revisions"}],"predecessor-version":[{"id":1319,"href":"https:\/\/lindas.at\/index.php\/wp-json\/wp\/v2\/pages\/1119\/revisions\/1319"}],"wp:attachment":[{"href":"https:\/\/lindas.at\/index.php\/wp-json\/wp\/v2\/media?parent=1119"}],"curies":[{"name":"wp","href":"https:\/\/api.w.org\/{rel}","templated":true}]}}