{"id":258,"date":"2019-12-08T08:36:58","date_gmt":"2019-12-08T08:36:58","guid":{"rendered":"http:\/\/themewar.com\/wp\/industing\/dummy\/?page_id=258"},"modified":"2023-08-29T08:57:35","modified_gmt":"2023-08-29T08:57:35","slug":"about","status":"publish","type":"page","link":"https:\/\/lindas.at\/index.php\/about\/","title":{"rendered":"Unternehmen"},"content":{"rendered":"\t\t<div data-elementor-type=\"wp-page\" data-elementor-id=\"258\" class=\"elementor elementor-258\">\n\t\t\t\t\t\t\t\t\t<section class=\"elementor-section elementor-top-section elementor-element elementor-element-f6116a2 elementor-section-boxed elementor-section-height-default elementor-section-height-default\" data-id=\"f6116a2\" data-element_type=\"section\" data-settings=\"{&quot;background_background&quot;:&quot;classic&quot;}\">\n\t\t\t\t\t\t<div class=\"elementor-container elementor-column-gap-default\">\n\t\t\t\t\t<div class=\"elementor-column elementor-col-100 elementor-top-column elementor-element elementor-element-fb8d9dd\" data-id=\"fb8d9dd\" data-element_type=\"column\">\n\t\t\t<div class=\"elementor-widget-wrap elementor-element-populated\">\n\t\t\t\t\t\t\t\t<div class=\"elementor-element elementor-element-4702d69 section_titles elementor-align-left elementor-widget elementor-widget-tw-section-title\" data-id=\"4702d69\" data-element_type=\"widget\" data-widget_type=\"tw-section-title.default\">\n\t\t\t\t<div class=\"elementor-widget-container\">\n\t\t\t                    <h6 class=\"sub_title\">Lindas GmbH<\/h6>\n                            <h2 class=\"sec_title \">\n                                    <span>Konzertierte Anstrengungen zum Aufbau einer besseren Zukunft.<\/span>\n                            <\/h2>\n                \t\t<\/div>\n\t\t\t\t<\/div>\n\t\t\t\t<div class=\"elementor-element elementor-element-00576a4 elementor-widget elementor-widget-text-editor\" data-id=\"00576a4\" data-element_type=\"widget\" data-widget_type=\"text-editor.default\">\n\t\t\t\t<div class=\"elementor-widget-container\">\n\t\t\t<style>\/*! elementor - v3.15.0 - 20-08-2023 *\/\n.elementor-widget-text-editor.elementor-drop-cap-view-stacked .elementor-drop-cap{background-color:#69727d;color:#fff}.elementor-widget-text-editor.elementor-drop-cap-view-framed .elementor-drop-cap{color:#69727d;border:3px solid;background-color:transparent}.elementor-widget-text-editor:not(.elementor-drop-cap-view-default) .elementor-drop-cap{margin-top:8px}.elementor-widget-text-editor:not(.elementor-drop-cap-view-default) .elementor-drop-cap-letter{width:1em;height:1em}.elementor-widget-text-editor .elementor-drop-cap{float:left;text-align:center;line-height:1;font-size:50px}.elementor-widget-text-editor .elementor-drop-cap-letter{display:inline-block}<\/style>\t\t\t\t<p align=\"justify\">Durch die funktionale Zusammenf\u00fchrung von Konzeption und Realisierung entwickelt wir kundenorientierte L\u00f6sungen f\u00fcr verschiedenste Aufgabenstellungen.<\/p>\n\n<p align=\"justify\">Dabei vereinen wir die wichtigsten Eigenschaften, die f\u00fcr zufriedene Kunden und in weiterer Folge f\u00fcr ein erfolgreiches Unternehmen stehen: Beste Qualit\u00e4t durch h\u00f6chst erfahrene Mitarbeiter, Flexibilit\u00e4t und Zuverl\u00e4ssigkeit kombiniert mit schnellen Reaktionen sind unser Erfolgsgeheimnis.<\/p>\n\n<p align=\"justify\">Die LINDAS GmbH setzt auf einen kontinuierlichen Fortschritt des Know-Hows im technologischen Bereich. Durch den erfahrenen Blick auf die Gesamtfunktionalit\u00e4t und dem hohen Qualit\u00e4tsdenken in allen Prozessbereichen k\u00f6nnen wir dieses letztendlich mit zahlreichen, erfolgreichen Referenzprojekten belegen.<\/p>\t\t\t\t\t\t<\/div>\n\t\t\t\t<\/div>\n\t\t\t\t\t<\/div>\n\t\t<\/div>\n\t\t\t\t\t\t\t<\/div>\n\t\t<\/section>\n\t\t\t\t<section class=\"elementor-section elementor-top-section elementor-element elementor-element-e2e3a41 elementor-section-boxed elementor-section-height-default elementor-section-height-default\" data-id=\"e2e3a41\" data-element_type=\"section\" data-settings=\"{&quot;background_background&quot;:&quot;classic&quot;}\">\n\t\t\t\t\t\t\t<div class=\"elementor-background-overlay\"><\/div>\n\t\t\t\t\t\t\t<div class=\"elementor-container elementor-column-gap-default\">\n\t\t\t\t\t<div class=\"elementor-column elementor-col-50 elementor-top-column elementor-element elementor-element-3d762e7\" data-id=\"3d762e7\" data-element_type=\"column\">\n\t\t\t<div class=\"elementor-widget-wrap elementor-element-populated\">\n\t\t\t\t\t\t\t\t<div class=\"elementor-element elementor-element-07c12bb callToaction elementor-mobile-align-center callToaction elementor-align-left elementor-widget elementor-widget-tw-call-to-action\" data-id=\"07c12bb\" data-element_type=\"widget\" data-widget_type=\"tw-call-to-action.default\">\n\t\t\t\t<div class=\"elementor-widget-container\">\n\t\t\t                <div class=\"cta_left\">\n                                            <h6>24\/7 sind wir f\u00fcr Sie da.<\/h6>\n                                                                <h2>Vereinbaren Sie einen Termin mit unserem Berater.<\/h2>\n                                    <\/div>\n                \t\t<\/div>\n\t\t\t\t<\/div>\n\t\t\t\t\t<\/div>\n\t\t<\/div>\n\t\t\t\t<div class=\"elementor-column elementor-col-50 elementor-top-column elementor-element elementor-element-75a3769\" data-id=\"75a3769\" data-element_type=\"column\">\n\t\t\t<div class=\"elementor-widget-wrap elementor-element-populated\">\n\t\t\t\t\t\t\t\t<div class=\"elementor-element elementor-element-4a65ea7 btn_align elementor-mobile-align-center btn_align elementor-align-center elementor-widget elementor-widget-tw-button\" data-id=\"4a65ea7\" data-element_type=\"widget\" data-widget_type=\"tw-button.default\">\n\t\t\t\t<div class=\"elementor-widget-container\">\n\t\t\t                    <a href=\"https:\/\/lindas.at\/index.php\/kontakt\/\"  target=\"_blank\"  rel=\"nofollow\" class=\"ind_btn_icon\">\n                        <span>\n                                                            <i class=\"icofont-ui-message\"><\/i>\n                                                        KONTAKT                        <\/span>\n                    <\/a>\n                \t\t<\/div>\n\t\t\t\t<\/div>\n\t\t\t\t\t<\/div>\n\t\t<\/div>\n\t\t\t\t\t\t\t<\/div>\n\t\t<\/section>\n\t\t\t\t\t\t\t<\/div>\n\t\t","protected":false},"excerpt":{"rendered":"<p>Lindas GmbH Konzertierte Anstrengungen zum Aufbau einer besseren Zukunft. Durch die funktionale Zusammenf\u00fchrung von Konzeption und Realisierung entwickelt wir kundenorientierte L\u00f6sungen f\u00fcr verschiedenste Aufgabenstellungen. Dabei vereinen wir die wichtigsten Eigenschaften, die f\u00fcr zufriedene Kunden und in weiterer Folge f\u00fcr ein erfolgreiches Unternehmen stehen: Beste Qualit\u00e4t durch h\u00f6chst erfahrene Mitarbeiter, Flexibilit\u00e4t und Zuverl\u00e4ssigkeit kombiniert mit schnellen [&hellip;]<\/p>\n","protected":false},"author":2,"featured_media":0,"parent":0,"menu_order":0,"comment_status":"closed","ping_status":"closed","template":"page-templates\/full-width.php","meta":{"footnotes":""},"class_list":["post-258","page","type-page","status-publish","hentry"],"_links":{"self":[{"href":"https:\/\/lindas.at\/index.php\/wp-json\/wp\/v2\/pages\/258","targetHints":{"allow":["GET"]}}],"collection":[{"href":"https:\/\/lindas.at\/index.php\/wp-json\/wp\/v2\/pages"}],"about":[{"href":"https:\/\/lindas.at\/index.php\/wp-json\/wp\/v2\/types\/page"}],"author":[{"embeddable":true,"href":"https:\/\/lindas.at\/index.php\/wp-json\/wp\/v2\/users\/2"}],"replies":[{"embeddable":true,"href":"https:\/\/lindas.at\/index.php\/wp-json\/wp\/v2\/comments?post=258"}],"version-history":[{"count":23,"href":"https:\/\/lindas.at\/index.php\/wp-json\/wp\/v2\/pages\/258\/revisions"}],"predecessor-version":[{"id":1311,"href":"https:\/\/lindas.at\/index.php\/wp-json\/wp\/v2\/pages\/258\/revisions\/1311"}],"wp:attachment":[{"href":"https:\/\/lindas.at\/index.php\/wp-json\/wp\/v2\/media?parent=258"}],"curies":[{"name":"wp","href":"https:\/\/api.w.org\/{rel}","templated":true}]}}